{"id":354,"date":"2019-05-21T22:26:05","date_gmt":"2019-05-21T20:26:05","guid":{"rendered":"http:\/\/hummerkrogen.s2.kimsoft.se\/?page_id=354"},"modified":"2026-03-30T18:16:57","modified_gmt":"2026-03-30T16:16:57","slug":"meny","status":"publish","type":"page","link":"https:\/\/www.hummerkrogen.se\/index.php\/meny\/","title":{"rendered":"\u00c1 la carte"},"content":{"rendered":"\t\t<div data-elementor-type=\"wp-post\" data-elementor-id=\"354\" class=\"elementor elementor-354\">\n\t\t\t\t\t\t<section class=\"elementor-section elementor-top-section elementor-element elementor-element-de30132 elementor-section-boxed elementor-section-height-default elementor-section-height-default\" data-id=\"de30132\" data-element_type=\"section\">\n\t\t\t\t\t\t<div class=\"elementor-container elementor-column-gap-default\">\n\t\t\t\t\t<div class=\"elementor-column elementor-col-100 elementor-top-column elementor-element elementor-element-59209fb\" data-id=\"59209fb\" data-element_type=\"column\">\n\t\t\t<div class=\"elementor-widget-wrap elementor-element-populated\">\n\t\t\t\t\t\t<div class=\"elementor-element elementor-element-f0ec9ee elementor-widget elementor-widget-heading\" data-id=\"f0ec9ee\" data-element_type=\"widget\" data-widget_type=\"heading.default\">\n\t\t\t\t<div class=\"elementor-widget-container\">\n\t\t\t\t\t<h1 class=\"elementor-heading-title elementor-size-default\">\u00c1 La Carte<\/h1>\t\t\t\t<\/div>\n\t\t\t\t<\/div>\n\t\t\t\t\t<\/div>\n\t\t<\/div>\n\t\t\t\t\t<\/div>\n\t\t<\/section>\n\t\t\t\t<section class=\"elementor-section elementor-top-section elementor-element elementor-element-94353ce elementor-section-boxed elementor-section-height-default elementor-section-height-default\" data-id=\"94353ce\" data-element_type=\"section\">\n\t\t\t\t\t\t<div class=\"elementor-container elementor-column-gap-default\">\n\t\t\t\t\t<div class=\"elementor-column elementor-col-100 elementor-top-column elementor-element elementor-element-087ad25\" data-id=\"087ad25\" data-element_type=\"column\">\n\t\t\t<div class=\"elementor-widget-wrap elementor-element-populated\">\n\t\t\t\t\t\t<section class=\"elementor-section elementor-inner-section elementor-element elementor-element-424653b elementor-section-boxed elementor-section-height-default elementor-section-height-default\" data-id=\"424653b\" data-element_type=\"section\">\n\t\t\t\t\t\t<div class=\"elementor-container elementor-column-gap-default\">\n\t\t\t\t\t<div class=\"elementor-column elementor-col-50 elementor-inner-column elementor-element elementor-element-166e362\" data-id=\"166e362\" data-element_type=\"column\">\n\t\t\t<div class=\"elementor-widget-wrap elementor-element-populated\">\n\t\t\t\t\t\t<div class=\"elementor-element elementor-element-ee23082 elementor-widget elementor-widget-text-editor\" data-id=\"ee23082\" data-element_type=\"widget\" data-widget_type=\"text-editor.default\">\n\t\t\t\t<div class=\"elementor-widget-container\">\n\t\t\t\t\t\t\t\t\t<h2><em><strong>F\u00f6rr\u00e4tter\/Snacks<\/strong><\/em><\/h2><h2><strong style=\"font-size: 17px; letter-spacing: 0px;\">\u00a0 \u00a0\u00a0<\/strong><strong style=\"color: inherit; font-family: inherit; font-size: 17px; letter-spacing: 0px;\">\u00a0 \u00a0 \u00a0 \u00a0 \u00a0 \u00a0<\/strong><\/h2><p><strong>Kaviar Baerii<br \/><\/strong>10 gram Baerii st\u00f6rkaviar, sm\u00f6rstekt levainbr\u00f6d &amp; smetana\u00a0 <em><strong>295<\/strong><\/em><\/p><p><strong>L\u00f6jroms Taco<br \/><\/strong>L\u00f6jrom fr\u00e5n Kalix, syrad gr\u00e4dde, r\u00f6dl\u00f6k &amp; gurka\u00a0 <em><strong>229<\/strong><\/em><\/p><p><strong>Hummer Taco<br \/><\/strong>R\u00f6dl\u00f6k, gr\u00e4sl\u00f6k, mayo, dill &amp; creme fraiche\u00a0 <em><strong>229<\/strong><\/em><\/p><p><strong>Hummersoppa halv<br \/><\/strong>Rostat br\u00f6d, aioli, syrad f\u00e4nk\u00e5l &amp; \u00f6rtolja\u00a0 <em><strong>219<\/strong><\/em><\/p><p><strong>Tataki p\u00e5 Tonfisk<br \/><\/strong>Yuzu mayo, pozu, shisoblad &amp; vitl\u00f6kschips\u00a0 <em><strong>219<\/strong><\/em><\/p><p><strong>Asiatisk R\u00e5biff<br \/><\/strong>Hackad Oxfil\u00e9, Kimchimajonn\u00e4s, Gari, picklad l\u00f6k &amp; friterad schalottenl\u00f6k\u00a0 <em><strong>209<\/strong><\/em><\/p><p><strong>L\u00f6jromstoast<br \/><\/strong>Schalottenl\u00f6k, smetana, gr\u00e4sl\u00f6k &amp; sm\u00f6rstekt br\u00f6d\u00a0 <strong><em>219<\/em><\/strong><\/p><p><strong>Sparris<br \/><\/strong>Sandefjords\u00e5s, l\u00f6jrom &amp; pommes pinnes\u00a0 <strong><em>199<\/em><\/strong><\/p><p><strong>Ostron 3st.<br \/><\/strong>Vin\u00e4grett med schalottenl\u00f6k, citron\u00a0 <em><strong>149\u00a0<\/strong><\/em><\/p><p><strong>Ostron 3st. &amp; 1 glas bubbel<br \/><\/strong>Vin\u00e4grett med schalottenl\u00f6k, citron\u00a0 <em><strong>229<\/strong><\/em><\/p>\t\t\t\t\t\t\t\t<\/div>\n\t\t\t\t<\/div>\n\t\t\t\t\t<\/div>\n\t\t<\/div>\n\t\t\t\t<div class=\"elementor-column elementor-col-50 elementor-inner-column elementor-element elementor-element-eca7d37\" data-id=\"eca7d37\" data-element_type=\"column\">\n\t\t\t<div class=\"elementor-widget-wrap elementor-element-populated\">\n\t\t\t\t\t\t<div class=\"elementor-element elementor-element-0ecbaa1 elementor-widget elementor-widget-text-editor\" data-id=\"0ecbaa1\" data-element_type=\"widget\" data-widget_type=\"text-editor.default\">\n\t\t\t\t<div class=\"elementor-widget-container\">\n\t\t\t\t\t\t\t\t\t<h2><em><strong>Skaldjur<\/strong><\/em><\/h2><div><strong>\u00a0<\/strong><\/div><div><strong>\u00a0<\/strong><\/div><p><strong>Havskr\u00e4ftor Kokta<br \/><\/strong>Serveras med rostat br\u00f6d, citron &amp; aioli\u00a0 <em><strong>325<\/strong><\/em><\/p><p><strong>Havskr\u00e4ftor Gratinerade<br \/><\/strong>\u00d6rt- och vitl\u00f6kssm\u00f6r, rostat br\u00f6d, V\u00e4sterbottenost, grillad citron &amp; aioli\u00a0 <em><strong>345<\/strong><\/em><\/p><p><strong>Halv Hummer Kokt<br \/><\/strong>Serveras med rostat br\u00f6d, citron &amp; aioli\u00a0 <em><strong>355<\/strong><\/em><\/p><p><strong>Halv Hummer Gratinerad<br \/><\/strong>\u00d6rt- och vitl\u00f6kssm\u00f6r, rostat br\u00f6d, V\u00e4sterbottenost, grillad citron &amp; aioli\u00a0 <em><strong>375<\/strong><\/em><\/p><p><strong>R\u00f6kta R\u00e4kor<br \/><\/strong>Serveras med rostat br\u00f6d, aioli &amp; citron\u00a0 <em><strong>199<\/strong><\/em><\/p><p><strong>Skaldjursfat<\/strong><\/p><p>Halv hummer, kokta havskr\u00e4ftor, r\u00f6kta r\u00e4kor, ostron. Serveras med rostat br\u00f6d, V\u00e4sterbottenost, aioli, ramsl\u00f6ksmajonn\u00e4s, citron &amp; tabasco<\/p><p><span style=\"letter-spacing: 0px;\">Pris per person\u00a0 <em><strong>1095<\/strong><\/em><\/span><\/p><p><strong>&#8211;<\/strong> L\u00e4gg till 10 gram St\u00f6rkaviar\u00a0 <strong><em>295<\/em><\/strong><\/p><p><strong>Att \u00e4ta skaldjur p\u00e5 v\u00e5r brygga m\u00e5ste vara en av h\u00f6jdpunkterna i so<\/strong><strong>mmar!<\/strong><\/p>\t\t\t\t\t\t\t\t<\/div>\n\t\t\t\t<\/div>\n\t\t\t\t\t<\/div>\n\t\t<\/div>\n\t\t\t\t\t<\/div>\n\t\t<\/section>\n\t\t\t\t\t<\/div>\n\t\t<\/div>\n\t\t\t\t\t<\/div>\n\t\t<\/section>\n\t\t\t\t<section class=\"elementor-section elementor-top-section elementor-element elementor-element-b925d6b elementor-section-boxed elementor-section-height-default elementor-section-height-default\" data-id=\"b925d6b\" data-element_type=\"section\">\n\t\t\t\t\t\t<div class=\"elementor-container elementor-column-gap-default\">\n\t\t\t\t\t<div class=\"elementor-column elementor-col-100 elementor-top-column elementor-element elementor-element-484d35f\" data-id=\"484d35f\" data-element_type=\"column\">\n\t\t\t<div class=\"elementor-widget-wrap elementor-element-populated\">\n\t\t\t\t\t\t<section class=\"elementor-section elementor-inner-section elementor-element elementor-element-3786118 elementor-section-boxed elementor-section-height-default elementor-section-height-default\" data-id=\"3786118\" data-element_type=\"section\">\n\t\t\t\t\t\t<div class=\"elementor-container elementor-column-gap-default\">\n\t\t\t\t\t<div class=\"elementor-column elementor-col-50 elementor-inner-column elementor-element elementor-element-3acbbf1\" data-id=\"3acbbf1\" data-element_type=\"column\">\n\t\t\t<div class=\"elementor-widget-wrap elementor-element-populated\">\n\t\t\t\t\t\t<div class=\"elementor-element elementor-element-ce4333b elementor-widget elementor-widget-text-editor\" data-id=\"ce4333b\" data-element_type=\"widget\" data-widget_type=\"text-editor.default\">\n\t\t\t\t<div class=\"elementor-widget-container\">\n\t\t\t\t\t\t\t\t\t<h2><em><strong>Varmr\u00e4tter<\/strong><\/em><\/h2><p><strong>\u00a0<\/strong><\/p><p><strong>Kv\u00e4llens F\u00e5ngst<\/strong><\/p><p>L\u00e4ttrimmad fiskrygg, dillslungad f\u00e4rskpotatis, sparris &amp;\u00a0 skummad vitvinss\u00e5s\u00a0 <em><strong>395<\/strong><\/em><\/p><p><strong>Hummersoppa<\/strong><\/p><p>Rostat br\u00f6d, aioli, syrad f\u00e4nk\u00e5l &amp; \u00f6rtolja\u00a0 <em><strong>295<\/strong><\/em><\/p><p><strong>Skaldjurspasta<\/strong><\/p><p>Medelhavsinspirerad pasta med tomat, f\u00e4nkol, r\u00e4kor, musslor, hummer &amp; Parmesan\u00a0 <em><strong>365<\/strong><\/em><\/p><p><strong>Asiatisk R\u00e5biff med Pommes<\/strong><\/p><p>Hackad Oxfil\u00e9, Kimchimajonn\u00e4s, Gari, picklad l\u00f6k, friterad schalottenl\u00f6k &amp; krasse\u00a0\u00a0<em><strong>315<\/strong><\/em><\/p><p><strong>Oxfil\u00e9 Tournedos<\/strong><\/p><p>Oxfil\u00e9, friterad f\u00e4rskpotatis slungad i Parmesan och persilja, sotade bakade l\u00f6kar, r\u00f6dvinssky, karamelliserat r\u00f6dl\u00f6kssm\u00f6r &amp; k\u00f6rvel\u00a0 <em><strong>415<\/strong><\/em><\/p><p><strong>Halloumisallad<\/strong><\/p><p>Cocktailtomater, ramsl\u00f6ksmajon\u00e4s &amp; parmesan\u00a0 <em><strong>255\u00a0 \u00a0 \u00a0 &#8211; Lyxa till det: <\/strong><b>L\u00e4gg p\u00e5 en bit Oxfil\u00e9<\/b><strong>\u00a0 +100<\/strong><\/em><\/p><p><strong>\u00a0<\/strong><\/p><h2><em>Dessert<\/em><\/h2><p><strong>Cr\u00e8me Brul\u00e9e<\/strong><\/p><p>Serveras med f\u00e4rska b\u00e4r\u00a0 <em><strong>155<\/strong><\/em><\/p><p><strong>Vispad Gr\u00e4ddfilspannacotta<\/strong><\/p><p>Marinerade jordgubbar, kanderade n\u00f6tter\u00a0 <em><strong>155<\/strong><\/em><\/p><p><strong>Coupe Colonel\u00a0<\/strong><\/p><p>Citronsorbet med vodka &amp; mynta\u00a0 <em><strong>125<\/strong><\/em><\/p><p><strong>Sorbet\u00a0<\/strong><\/p><p>1 kula Sorbet (fr\u00e5ga efter kv\u00e4llens smak)\u00a0 <em><strong>45<\/strong><\/em><\/p><p><strong>Glass till barnen<\/strong><\/p><p>Serveras med kolas\u00e5s<strong>\u00a0 7<em>5<\/em>\u00a0<\/strong><\/p><p><strong>\u00a0<\/strong><\/p>\t\t\t\t\t\t\t\t<\/div>\n\t\t\t\t<\/div>\n\t\t\t\t\t<\/div>\n\t\t<\/div>\n\t\t\t\t<div class=\"elementor-column elementor-col-50 elementor-inner-column elementor-element elementor-element-28bc8b2\" data-id=\"28bc8b2\" data-element_type=\"column\">\n\t\t\t<div class=\"elementor-widget-wrap elementor-element-populated\">\n\t\t\t\t\t\t<div class=\"elementor-element elementor-element-25fbd98 elementor-widget elementor-widget-text-editor\" data-id=\"25fbd98\" data-element_type=\"widget\" data-widget_type=\"text-editor.default\">\n\t\t\t\t<div class=\"elementor-widget-container\">\n\t\t\t\t\t\t\t\t\t<h2><em><strong>Till de yngre<\/strong><\/em><\/h2><p><strong>\u00a0<\/strong><\/p><p><strong>Oxfil\u00e9 <\/strong><\/p><p>Pommes, bearnaise, sallad\u00a0 <em><strong>185<\/strong><\/em><\/p><p><strong>Friterad fisk<\/strong><\/p><p>Pommes, remoulads\u00e5s, sallad\u00a0 <em><strong>155<\/strong><\/em><\/p><p><strong>Kv\u00e4llens f\u00e5ngst (halv portion)<\/strong><\/p><p>Sparris, f\u00e4rskpotatis &amp; skummad vitvinss\u00e5s\u00a0 <em><strong>185<\/strong><\/em><\/p><p><strong>Glass<\/strong><\/p><p>Serveras med kolas\u00e5s\u00a0 <em><strong>75<\/strong><\/em>\u00a0 \u00a0 \u00a0 \u00a0 \u00a0\u00a0<\/p>\t\t\t\t\t\t\t\t<\/div>\n\t\t\t\t<\/div>\n\t\t\t\t\t<\/div>\n\t\t<\/div>\n\t\t\t\t\t<\/div>\n\t\t<\/section>\n\t\t\t\t\t<\/div>\n\t\t<\/div>\n\t\t\t\t\t<\/div>\n\t\t<\/section>\n\t\t\t\t<section class=\"elementor-section elementor-top-section elementor-element elementor-element-9d5dc2e elementor-section-boxed elementor-section-height-default elementor-section-height-default\" data-id=\"9d5dc2e\" data-element_type=\"section\">\n\t\t\t\t\t\t<div class=\"elementor-container elementor-column-gap-default\">\n\t\t\t\t\t<div class=\"elementor-column elementor-col-100 elementor-top-column elementor-element elementor-element-46fc77f\" data-id=\"46fc77f\" data-element_type=\"column\">\n\t\t\t<div class=\"elementor-widget-wrap elementor-element-populated\">\n\t\t\t\t\t\t<div class=\"elementor-element elementor-element-3b054fc elementor-widget elementor-widget-text-editor\" data-id=\"3b054fc\" data-element_type=\"widget\" data-widget_type=\"text-editor.default\">\n\t\t\t\t<div class=\"elementor-widget-container\">\n\t\t\t\t\t\t\t\t\t<h2><em>Kaffedrinkar 4cl. 165:-<\/em><\/h2><p><strong>Irish Coffee<\/strong><br \/>Jameson, brunt farinsocker, kaffe &amp; gr\u00e4dde<\/p><p><strong>Kaffe Hummerkrogen<\/strong> <br \/>Licor 43, m\u00f6rk Rom, kaffe &amp; gr\u00e4dde<\/p><p><strong>Espresso Martini<\/strong><br \/>Kall Espresso, Vodka &amp; Kahlua<\/p><p><strong>Kaffe Karlsson<\/strong><br \/>Baileys, Triple sec, kaffe &amp; gr\u00e4dde<\/p>\t\t\t\t\t\t\t\t<\/div>\n\t\t\t\t<\/div>\n\t\t\t\t\t<\/div>\n\t\t<\/div>\n\t\t\t\t\t<\/div>\n\t\t<\/section>\n\t\t\t\t<section class=\"elementor-section elementor-top-section elementor-element elementor-element-a28749a elementor-section-boxed elementor-section-height-default elementor-section-height-default\" data-id=\"a28749a\" data-element_type=\"section\">\n\t\t\t\t\t\t<div class=\"elementor-container elementor-column-gap-default\">\n\t\t\t\t\t<div class=\"elementor-column elementor-col-100 elementor-top-column elementor-element elementor-element-7ac1462\" data-id=\"7ac1462\" data-element_type=\"column\">\n\t\t\t<div class=\"elementor-widget-wrap elementor-element-populated\">\n\t\t\t\t\t\t<div class=\"elementor-element elementor-element-75eed15 elementor-widget elementor-widget-image\" data-id=\"75eed15\" data-element_type=\"widget\" data-widget_type=\"image.default\">\n\t\t\t\t<div class=\"elementor-widget-container\">\n\t\t\t\t\t\t\t\t\t\t\t\t\t\t\t<img fetchpriority=\"high\" decoding=\"async\" width=\"1024\" height=\"683\" src=\"https:\/\/www.hummerkrogen.se\/wp-content\/uploads\/2019\/08\/Hummerkrogen_Inomhus_Isoletta-Foto-13-1024x683.jpg\" class=\"attachment-large size-large wp-image-477\" alt=\"\" srcset=\"https:\/\/www.hummerkrogen.se\/wp-content\/uploads\/2019\/08\/Hummerkrogen_Inomhus_Isoletta-Foto-13-1024x683.jpg 1024w, https:\/\/www.hummerkrogen.se\/wp-content\/uploads\/2019\/08\/Hummerkrogen_Inomhus_Isoletta-Foto-13-300x200.jpg 300w, https:\/\/www.hummerkrogen.se\/wp-content\/uploads\/2019\/08\/Hummerkrogen_Inomhus_Isoletta-Foto-13-768x512.jpg 768w, https:\/\/www.hummerkrogen.se\/wp-content\/uploads\/2019\/08\/Hummerkrogen_Inomhus_Isoletta-Foto-13.jpg 1800w\" sizes=\"(max-width: 1024px) 100vw, 1024px\" \/>\t\t\t\t\t\t\t\t\t\t\t\t\t\t\t<\/div>\n\t\t\t\t<\/div>\n\t\t\t\t\t<\/div>\n\t\t<\/div>\n\t\t\t\t\t<\/div>\n\t\t<\/section>\n\t\t\t\t<section class=\"elementor-section elementor-top-section elementor-element elementor-element-d0d3508 elementor-section-boxed elementor-section-height-default elementor-section-height-default\" data-id=\"d0d3508\" data-element_type=\"section\">\n\t\t\t\t\t\t<div class=\"elementor-container elementor-column-gap-default\">\n\t\t\t\t\t<div class=\"elementor-column elementor-col-50 elementor-top-column elementor-element elementor-element-06264e1\" data-id=\"06264e1\" data-element_type=\"column\">\n\t\t\t<div class=\"elementor-widget-wrap\">\n\t\t\t\t\t\t\t<\/div>\n\t\t<\/div>\n\t\t\t\t<div class=\"elementor-column elementor-col-50 elementor-top-column elementor-element elementor-element-93a9de2\" data-id=\"93a9de2\" data-element_type=\"column\">\n\t\t\t<div class=\"elementor-widget-wrap\">\n\t\t\t\t\t\t\t<\/div>\n\t\t<\/div>\n\t\t\t\t\t<\/div>\n\t\t<\/section>\n\t\t\t\t<\/div>\n\t\t","protected":false},"excerpt":{"rendered":"<p>\u00c1 La Carte F\u00f6rr\u00e4tter\/Snacks \u00a0 \u00a0\u00a0\u00a0 \u00a0 \u00a0 \u00a0 \u00a0 \u00a0 Kaviar Baerii10 gram Baerii st\u00f6rkaviar, sm\u00f6rstekt levainbr\u00f6d &amp; smetana\u00a0 295 L\u00f6jroms TacoL\u00f6jrom fr\u00e5n Kalix, syrad gr\u00e4dde, r\u00f6dl\u00f6k &amp; gurka\u00a0 229 Hummer TacoR\u00f6dl\u00f6k, gr\u00e4sl\u00f6k, mayo, dill &amp; creme fraiche\u00a0 229 Hummersoppa halvRostat br\u00f6d, aioli, syrad f\u00e4nk\u00e5l &amp; \u00f6rtolja\u00a0 219 Tataki p\u00e5 TonfiskYuzu mayo, pozu, shisoblad&hellip;<\/p>\n","protected":false},"author":2,"featured_media":0,"parent":0,"menu_order":0,"comment_status":"closed","ping_status":"closed","template":"","meta":{"_acf_changed":false,"footnotes":""},"class_list":["post-354","page","type-page","status-publish","hentry"],"acf":[],"_links":{"self":[{"href":"https:\/\/www.hummerkrogen.se\/index.php\/wp-json\/wp\/v2\/pages\/354","targetHints":{"allow":["GET"]}}],"collection":[{"href":"https:\/\/www.hummerkrogen.se\/index.php\/wp-json\/wp\/v2\/pages"}],"about":[{"href":"https:\/\/www.hummerkrogen.se\/index.php\/wp-json\/wp\/v2\/types\/page"}],"author":[{"embeddable":true,"href":"https:\/\/www.hummerkrogen.se\/index.php\/wp-json\/wp\/v2\/users\/2"}],"replies":[{"embeddable":true,"href":"https:\/\/www.hummerkrogen.se\/index.php\/wp-json\/wp\/v2\/comments?post=354"}],"version-history":[{"count":197,"href":"https:\/\/www.hummerkrogen.se\/index.php\/wp-json\/wp\/v2\/pages\/354\/revisions"}],"predecessor-version":[{"id":1471,"href":"https:\/\/www.hummerkrogen.se\/index.php\/wp-json\/wp\/v2\/pages\/354\/revisions\/1471"}],"wp:attachment":[{"href":"https:\/\/www.hummerkrogen.se\/index.php\/wp-json\/wp\/v2\/media?parent=354"}],"curies":[{"name":"wp","href":"https:\/\/api.w.org\/{rel}","templated":true}]}}